{"id":9439,"date":"2024-05-22T15:50:10","date_gmt":"2024-05-22T14:50:10","guid":{"rendered":"https:\/\/gomagom.es\/catalog\/sin%20categor\u00eda\/massa-epoxi-universal-5g\/"},"modified":"2025-04-01T15:58:40","modified_gmt":"2025-04-01T13:58:40","slug":"massa-epoxi-universal-5g","status":"publish","type":"product","link":"https:\/\/gomagom.es\/pt-pt\/catalog\/massa-epoxi-universal-5g\/","title":{"rendered":"MASSA EP\u00d3XI UNIVERSAL 5g"},"content":{"rendered":"","protected":false},"excerpt":{"rendered":"<p><span style=\"color: #ff0000;\"><strong>N\u00ba 69<\/strong><\/span> |\u00a0<strong>Ref: GG13171<\/strong>  |\u00a0<i class=\"fa-solid fa-box\"><\/i> 12u. \u00a0<i class=\"fa-solid fa-box fa-2x\"><\/i> 144u.<\/br><br \/>\nCARACTER\u00cdSTICAS E APLICA\u00c7\u00d5ES: Massa ep\u00f3xi de dois componentes que<br \/>\nreagem quimicamente ao serem misturados. Produto r\u00e1pido e de elevada resist\u00eancia. Pode ser lixado, pintado e envernizado. Indicado para colar pedra, metal, madeira, cer\u00e2mica, porcelana, vidro, pl\u00e1stico (exceto polietileno, polipropileno e te on). ENDURECE DEBAIXO DE \u00c1GUA. Muito \u00fatil em trabalhos de bricolage e para todo o tipo de repara\u00e7\u00f5es dom\u00e9sticas.<br \/>\nMODO DE UTILIZA\u00c7A\u00d5: Aplicar em superf\u00edcies limpas, secas e isentas de gorduras. Cortar a quantidade necess\u00e1ria da barra e retirar o papel transparente.<br \/>\nAmassar com os dedos at\u00e9 que o produto se torne branco. Uma vez realizada a mistura, o produto deve ser aplicado nos 2 minutos seguintes. Aplicar a mistura sobre uma das superf\u00edcies a unir exercendo uma leve press\u00e3o. Tempo de endurecimento: 15-20 minutos. Resist\u00eancia m\u00e1xima ap\u00f3s 4 horas.<br \/>\nCONSERVA\u00c7\u00c3O: 24<br \/>\nmeses em local fresco e seco.<\/p>\n","protected":false},"featured_media":215,"comment_status":"closed","ping_status":"open","template":"","meta":{"_acf_changed":false},"product_brand":[],"product_cat":[58,16],"product_tag":[134],"class_list":{"0":"post-9439","1":"product","2":"type-product","3":"status-publish","4":"has-post-thumbnail","6":"product_cat-adhesivo-epoxy-2-componentes","7":"product_cat-bricolaje","8":"product_tag-reparar-pegar","9":"description-off","11":"first","12":"instock","13":"purchasable","14":"product-type-simple"},"acf":[],"jetpack_sharing_enabled":true,"_links":{"self":[{"href":"https:\/\/gomagom.es\/pt-pt\/wp-json\/wp\/v2\/product\/9439","targetHints":{"allow":["GET"]}}],"collection":[{"href":"https:\/\/gomagom.es\/pt-pt\/wp-json\/wp\/v2\/product"}],"about":[{"href":"https:\/\/gomagom.es\/pt-pt\/wp-json\/wp\/v2\/types\/product"}],"replies":[{"embeddable":true,"href":"https:\/\/gomagom.es\/pt-pt\/wp-json\/wp\/v2\/comments?post=9439"}],"wp:featuredmedia":[{"embeddable":true,"href":"https:\/\/gomagom.es\/pt-pt\/wp-json\/wp\/v2\/media\/215"}],"wp:attachment":[{"href":"https:\/\/gomagom.es\/pt-pt\/wp-json\/wp\/v2\/media?parent=9439"}],"wp:term":[{"taxonomy":"product_brand","embeddable":true,"href":"https:\/\/gomagom.es\/pt-pt\/wp-json\/wp\/v2\/product_brand?post=9439"},{"taxonomy":"product_cat","embeddable":true,"href":"https:\/\/gomagom.es\/pt-pt\/wp-json\/wp\/v2\/product_cat?post=9439"},{"taxonomy":"product_tag","embeddable":true,"href":"https:\/\/gomagom.es\/pt-pt\/wp-json\/wp\/v2\/product_tag?post=9439"}],"curies":[{"name":"wp","href":"https:\/\/api.w.org\/{rel}","templated":true}]}}