{"id":9444,"date":"2024-05-22T15:50:10","date_gmt":"2024-05-22T14:50:10","guid":{"rendered":"https:\/\/gomagom.es\/catalog\/sin%20categor\u00eda\/selante-para-madeira-faia-50ml\/"},"modified":"2025-04-01T15:58:42","modified_gmt":"2025-04-01T13:58:42","slug":"selante-para-madeira-faia-50ml","status":"publish","type":"product","link":"https:\/\/gomagom.es\/pt-pt\/catalog\/selante-para-madeira-faia-50ml\/","title":{"rendered":"SELANTE PARA MADEIRA FAIA 50ml"},"content":{"rendered":"","protected":false},"excerpt":{"rendered":"<p><span style=\"color: #ff0000;\"><strong>N\u00ba 74<\/strong><\/span> |\u00a0<strong>Ref: GG16951<\/strong>  |\u00a0<i class=\"fa-solid fa-box\"><\/i> 12u. \u00a0<i class=\"fa-solid fa-box fa-2x\"><\/i> 144u.<\/br><br \/>\nModo de Aplicar: Ideal para preencher  ssuras entre a madeira e outros materiais, como<br \/>\ngesso, cimento, pladur, vidro, azulejo , cer\u00e2mica, alum\u00ednio, etc. Resiste \u00e0 humidade, \u00e9<br \/>\n ex\u00edvel e pode ser pintado. Para selar juntas em parqu\u00e9s, rodap\u00e9s, m\u00f3veis, molduras e<br \/>\ncaixilhos de portas e janelas e qualquer revestimento em madeira. O SELANTE PARA MADEIRA GOMAGOM evita a forma\u00e7ao de bolor nos pontos onde \u00e9 aplicado. Permanece sempre el\u00e1stico e n\u00e3o  ssura com o passar do tempo. A sua estudada composi\u00e7\u00e3o torna-o especialmente resistente em locais altamente expostos \u00e0 \u00e1gua ou humidade.<br \/>\nMODO DE EMPREGO: Limpar bem as superf\u00edcies a unir, removendo poeiras, \u00e1gua e sujidade<br \/>\nem geral. Espalhar com a ajuda de uma esp\u00e1tula ou com a ponta dos dedos embebida em<br \/>\n\u00e1gua e sab\u00e3o. Ap\u00f3s 24 horas, a junta estar\u00e1 vulcanizada e o excesso poder\u00e1 ser removido<br \/>\ncom um x-ato.<\/p>\n","protected":false},"featured_media":319,"comment_status":"closed","ping_status":"open","template":"","meta":{"_acf_changed":false},"product_brand":[],"product_cat":[56,16,53],"product_tag":[71],"class_list":{"0":"post-9444","1":"product","2":"type-product","3":"status-publish","4":"has-post-thumbnail","6":"product_cat-adhesivo-especifico","7":"product_cat-bricolaje","8":"product_cat-selladores-siliconas","9":"product_tag-sellar","10":"description-off","12":"first","13":"instock","14":"purchasable","15":"product-type-simple"},"acf":[],"jetpack_sharing_enabled":true,"_links":{"self":[{"href":"https:\/\/gomagom.es\/pt-pt\/wp-json\/wp\/v2\/product\/9444","targetHints":{"allow":["GET"]}}],"collection":[{"href":"https:\/\/gomagom.es\/pt-pt\/wp-json\/wp\/v2\/product"}],"about":[{"href":"https:\/\/gomagom.es\/pt-pt\/wp-json\/wp\/v2\/types\/product"}],"replies":[{"embeddable":true,"href":"https:\/\/gomagom.es\/pt-pt\/wp-json\/wp\/v2\/comments?post=9444"}],"wp:featuredmedia":[{"embeddable":true,"href":"https:\/\/gomagom.es\/pt-pt\/wp-json\/wp\/v2\/media\/319"}],"wp:attachment":[{"href":"https:\/\/gomagom.es\/pt-pt\/wp-json\/wp\/v2\/media?parent=9444"}],"wp:term":[{"taxonomy":"product_brand","embeddable":true,"href":"https:\/\/gomagom.es\/pt-pt\/wp-json\/wp\/v2\/product_brand?post=9444"},{"taxonomy":"product_cat","embeddable":true,"href":"https:\/\/gomagom.es\/pt-pt\/wp-json\/wp\/v2\/product_cat?post=9444"},{"taxonomy":"product_tag","embeddable":true,"href":"https:\/\/gomagom.es\/pt-pt\/wp-json\/wp\/v2\/product_tag?post=9444"}],"curies":[{"name":"wp","href":"https:\/\/api.w.org\/{rel}","templated":true}]}}