{"id":9452,"date":"2024-05-22T15:50:10","date_gmt":"2024-05-22T14:50:10","guid":{"rendered":"https:\/\/gomagom.es\/catalog\/sin%20categor\u00eda\/cola-universal-transparente-20ml-3\/"},"modified":"2025-04-01T15:58:47","modified_gmt":"2025-04-01T13:58:47","slug":"cola-universal-transparente-20ml-3","status":"publish","type":"product","link":"https:\/\/gomagom.es\/pt-pt\/catalog\/cola-universal-transparente-20ml-3\/","title":{"rendered":"COLA UNIVERSAL TRANSPARENTE 20ml"},"content":{"rendered":"","protected":false},"excerpt":{"rendered":"<p><span style=\"color: #ff0000;\"><strong>N\u00ba 82<\/strong><\/span> |\u00a0<strong>Ref: GG16331<\/strong>  |\u00a0<i class=\"fa-solid fa-box\"><\/i> 12u. \u00a0<i class=\"fa-solid fa-box fa-2x\"><\/i> 144u.<\/br><br \/>\nPARA COLAR: Papel, cart\u00e3o, tecidos, pele, porcelana, madeira, cer\u00e2mica, m\u00e1rmore, metais, materiais de PVC e a maioria dos pl\u00e1sticos.<br \/>\nA COLA UNIVERSAL GomaGom cola firmemente duas superf\u00edcies que necessitem de permanecer unidas indefinidamente. Poder\u00e1 fazer uni\u00f5es e repara\u00e7\u00f5es firmes e duradouras em casa, no escrit\u00f3rio e na ind\u00fastria.<br \/>\nMODO DE EMPREGO: As superf\u00edcies a colar devem estar limpas, secas e isentas de poeiras e gorduras. Aplicar sobre uma das superf\u00edcies e efetuar a uni\u00e3o imediatamente, exercendo uma  press\u00e3o leve  e uniforme. Em materiais porosos, aplicar sobre ambas as superf\u00edcies.<\/p>\n","protected":false},"featured_media":311,"comment_status":"closed","ping_status":"open","template":"","meta":{"_acf_changed":false},"product_brand":[],"product_cat":[51,16],"product_tag":[134],"class_list":{"0":"post-9452","1":"product","2":"type-product","3":"status-publish","4":"has-post-thumbnail","6":"product_cat-adhesivo-universal","7":"product_cat-bricolaje","8":"product_tag-reparar-pegar","9":"description-off","11":"first","12":"instock","13":"purchasable","14":"product-type-simple"},"acf":[],"jetpack_sharing_enabled":true,"_links":{"self":[{"href":"https:\/\/gomagom.es\/pt-pt\/wp-json\/wp\/v2\/product\/9452","targetHints":{"allow":["GET"]}}],"collection":[{"href":"https:\/\/gomagom.es\/pt-pt\/wp-json\/wp\/v2\/product"}],"about":[{"href":"https:\/\/gomagom.es\/pt-pt\/wp-json\/wp\/v2\/types\/product"}],"replies":[{"embeddable":true,"href":"https:\/\/gomagom.es\/pt-pt\/wp-json\/wp\/v2\/comments?post=9452"}],"wp:featuredmedia":[{"embeddable":true,"href":"https:\/\/gomagom.es\/pt-pt\/wp-json\/wp\/v2\/media\/311"}],"wp:attachment":[{"href":"https:\/\/gomagom.es\/pt-pt\/wp-json\/wp\/v2\/media?parent=9452"}],"wp:term":[{"taxonomy":"product_brand","embeddable":true,"href":"https:\/\/gomagom.es\/pt-pt\/wp-json\/wp\/v2\/product_brand?post=9452"},{"taxonomy":"product_cat","embeddable":true,"href":"https:\/\/gomagom.es\/pt-pt\/wp-json\/wp\/v2\/product_cat?post=9452"},{"taxonomy":"product_tag","embeddable":true,"href":"https:\/\/gomagom.es\/pt-pt\/wp-json\/wp\/v2\/product_tag?post=9452"}],"curies":[{"name":"wp","href":"https:\/\/api.w.org\/{rel}","templated":true}]}}