{"id":9453,"date":"2024-05-22T15:50:10","date_gmt":"2024-05-22T14:50:10","guid":{"rendered":"https:\/\/gomagom.es\/catalog\/sin%20categor\u00eda\/adhesivo-espelhos-50ml\/"},"modified":"2025-04-01T15:58:49","modified_gmt":"2025-04-01T13:58:49","slug":"adhesivo-espelhos-50ml","status":"publish","type":"product","link":"https:\/\/gomagom.es\/pt-pt\/catalog\/adhesivo-espelhos-50ml\/","title":{"rendered":"ADHESIVO ESPELHOS 50ml"},"content":{"rendered":"","protected":false},"excerpt":{"rendered":"<p><span style=\"color: #ff0000;\"><strong>N\u00ba 83<\/strong><\/span> |\u00a0<strong>Ref: GG14591<\/strong>  |\u00a0<i class=\"fa-solid fa-box\"><\/i> 12u. \u00a0<i class=\"fa-solid fa-box fa-2x\"><\/i> 144u.<\/br><br \/>\nO Adesivo para  xa\u00e7\u00e3o de Espelhos GOMAGOM \u00e9 um adesivo desenvolvido com tecnologia de ponta. Inovador e sustent\u00e1vel, sua<br \/>\nformula\u00e7\u00e3o \u00e9 isenta de agentes agressivos como solventes, \u00e1cidos e isocianatos, n\u00e3o causam danos \u00e0 sa\u00fade nem ao meio ambiente.<br \/>\nEspecialmente utilizado na instala\u00e7\u00e3o,  xa\u00e7\u00e3o e veda\u00e7\u00e3o de espelhos, possui odor agrad\u00e1vel, n\u00e3o forma bolhas e n\u00e3o deixa manchas.<br \/>\nDevido a sua versatilidade, tamb\u00e9m pode ser utilizado na constru\u00e7\u00e3o civil, pois adere em diversos tipos de substratos como madeira,<br \/>\nvidro, metal, alum\u00ednio, espelhos, pedras, concreto e azulejos. \u00c9 um adesivo que cura com a umidade do ar, permitindo uma instala\u00e7\u00e3o<br \/>\nr\u00e1pida, f\u00e1cil, limpa e econ\u00f4mica, substituindo  xa\u00e7\u00f5es mec\u00e2nicas como pregos, suportes e parafusos. Aplica\u00e7\u00f5es t\u00edpicas: Fixa\u00e7\u00e3o<br \/>\nr\u00e1pida de espelhos em diversos substratos, lisos e porosos como: paredes, cer\u00e2micas, metais, madeiras, alvenarias, entre outros.<br \/>\nMODO DE EMPREGO: 1. Veri que se a superf\u00edcie onde ser\u00e1 feita a colagem est\u00e1 nivelada e limpa, isentas de poeira ou gorduras, pois qualquer um<br \/>\ndesses elementos pode prejudicar a ades\u00e3o. 2. Limpe o lado pintado do espelho com um pano macio umedecido em \u00e1lcool. Passe<br \/>\num pano seco para retirar o excesso. 3. Rompa o lacre com aux\u00edlio da tampa, em seguida, corte o bico aplicador em um \u00e2ngulo de<br \/>\n45\u00b0na espessura m\u00ednima de 6 mm. Rosquear o bico na bisnaga. 4. Aplique cord\u00f5es retos, verticais e equidistantesa na parte traseira<br \/>\ndo espelho. A quantidade do produto a ser utilizado depende do tamanho e da espessura do espelho conforme a tabela abaixo: 5.<br \/>\nDepois de aplicado o adesivo junte as superf\u00edcies obedecendo a dist\u00e2ncia de 3 mm entre o espelho e a parede permitindo o<br \/>\nescoamento da umidade. 6. Fa\u00e7a os ajustes de posicionamento do espelho em at\u00e9 10 minutos ap\u00f3s a jun\u00e7\u00e3o. Calce o espelho para<br \/>\npermitir a ades\u00e3o inicial. Os cal\u00e7os devem ser retirados em um intervalo de tempo de 4 a 6 horas, dependendo das dimens\u00f5es do<br \/>\nespelho. Composi\u00e7\u00e3o qu\u00edmica: Carbonato de c\u00e1lcio, Diisononyl phthalate, Di\u00f3xido de tit\u00e2nio.<\/p>\n","protected":false},"featured_media":229,"comment_status":"closed","ping_status":"open","template":"","meta":{"_acf_changed":false},"product_brand":[],"product_cat":[56,16,62],"product_tag":[98],"class_list":{"0":"post-9453","1":"product","2":"type-product","3":"status-publish","4":"has-post-thumbnail","6":"product_cat-adhesivo-especifico","7":"product_cat-bricolaje","8":"product_cat-otros-productos","9":"product_tag-fijar","10":"description-off","12":"first","13":"instock","14":"purchasable","15":"product-type-simple"},"acf":[],"jetpack_sharing_enabled":true,"_links":{"self":[{"href":"https:\/\/gomagom.es\/pt-pt\/wp-json\/wp\/v2\/product\/9453","targetHints":{"allow":["GET"]}}],"collection":[{"href":"https:\/\/gomagom.es\/pt-pt\/wp-json\/wp\/v2\/product"}],"about":[{"href":"https:\/\/gomagom.es\/pt-pt\/wp-json\/wp\/v2\/types\/product"}],"replies":[{"embeddable":true,"href":"https:\/\/gomagom.es\/pt-pt\/wp-json\/wp\/v2\/comments?post=9453"}],"wp:featuredmedia":[{"embeddable":true,"href":"https:\/\/gomagom.es\/pt-pt\/wp-json\/wp\/v2\/media\/229"}],"wp:attachment":[{"href":"https:\/\/gomagom.es\/pt-pt\/wp-json\/wp\/v2\/media?parent=9453"}],"wp:term":[{"taxonomy":"product_brand","embeddable":true,"href":"https:\/\/gomagom.es\/pt-pt\/wp-json\/wp\/v2\/product_brand?post=9453"},{"taxonomy":"product_cat","embeddable":true,"href":"https:\/\/gomagom.es\/pt-pt\/wp-json\/wp\/v2\/product_cat?post=9453"},{"taxonomy":"product_tag","embeddable":true,"href":"https:\/\/gomagom.es\/pt-pt\/wp-json\/wp\/v2\/product_tag?post=9453"}],"curies":[{"name":"wp","href":"https:\/\/api.w.org\/{rel}","templated":true}]}}