{"id":9454,"date":"2024-05-22T15:50:10","date_gmt":"2024-05-22T14:50:10","guid":{"rendered":"https:\/\/gomagom.es\/catalog\/sin%20categor\u00eda\/fita-adesiva-extra-forte-dupla-face-2\/"},"modified":"2025-04-01T15:58:50","modified_gmt":"2025-04-01T13:58:50","slug":"fita-adesiva-extra-forte-dupla-face-2","status":"publish","type":"product","link":"https:\/\/gomagom.es\/pt-pt\/catalog\/fita-adesiva-extra-forte-dupla-face-2\/","title":{"rendered":"FITA ADESIVA EXTRA FORTE DUPLA FACE"},"content":{"rendered":"","protected":false},"excerpt":{"rendered":"<p><span style=\"color: #ff0000;\"><strong>N\u00ba 85<\/strong><\/span> |\u00a0<strong>Ref: GG15511<\/strong>  |\u00a0<i class=\"fa-solid fa-box\"><\/i> 15u. \u00a0<i class=\"fa-solid fa-box fa-2x\"><\/i> 300u.<\/br><br \/>\nA Fita Fixa GOMAGOM foi desenvolvida para promover uma fixa\u00e7\u00e3o ultra forte de maneira f\u00e1cil, r\u00e1pida e segura. Com ela pode pendurar quadros, objetos de decora\u00e7\u00e3o, calhas e uma infinidade de outras pe\u00e7as. Adere muito bem em madeira, parede, vidro, acr\u00edlico e metal. MODO DE USAR: 1. Fa\u00e7a a marca\u00e7\u00e3o pr\u00e9via no local onde deseja aplicar o objeto desejado. 2. Limpe a superf\u00edcie com \u00e1lcool, removendo qualquer resqu\u00edcio de oleosidade ou poeira. Importante: O uso de detergentes ou outros produtos pode comprometer o desempenho da fita adesiva. 3. Aplique a fita no objeto desejado e remova o filme protetor. 4. Pressione o objeto com firmeza por 1 minuto no local desejado com certa for\u00e7a para potencializar<br \/>\na resist\u00eancia da fita. IMPORTANTE: 1. Quanto maior a \u00e1rea de contato da fita, mais resistente \u00e9 a aplica\u00e7\u00e3o. Por este motivo, n\u00e3o aplique a fita em superf\u00edcies irregulares ou com texturas. 2. As fitas n\u00e3o foram projetadas para suportar objetos tridimensionais de grande volume como, por exemplo, prateleiras. N\u00e3o se recomenda a aplica\u00e7\u00e3o da fita para objetos que fazem a press\u00e3o em forma de p\u00eandulo. 3. Verifique a superf\u00edcie<br \/>\nonde ser\u00e1 aplicada a fita. No momento da remo\u00e7\u00e3o, a for\u00e7a da fita pode danificar superf\u00edcies com pintura ou reboco mal fixados e sem resist\u00eancia. 4. Somente ap\u00f3s o per\u00edodo de 48h a fita suportar\u00e1 100% da sua capacidade de carga. 5. Recomendamos a aplica\u00e7\u00e3o da fita em temperaturas entre 5\u00b0C e 40\u00b0C. Limita\u00e7\u00f5es: N\u00e3o aplicar em locais com a presen\u00e7a de solventes. N\u00e3o \u00e9 recomendada para aplica\u00e7\u00e3o em pap\u00e9is de parede. N\u00e3o recomendamos a sobreposi\u00e7\u00e3o de peda\u00e7os de fitas. N\u00e3o recomendado para aplica\u00e7\u00f5es estruturais. Composi\u00e7\u00e3o: Fita \u00e0 base de filme polietileno e adesivo acr\u00edlico.<\/p>\n","protected":false},"featured_media":269,"comment_status":"closed","ping_status":"open","template":"","meta":{"_acf_changed":false},"product_brand":[],"product_cat":[16,63],"product_tag":[98],"class_list":{"0":"post-9454","1":"product","2":"type-product","3":"status-publish","4":"has-post-thumbnail","6":"product_cat-bricolaje","7":"product_cat-cintas-adhesivas-bricolaje","8":"product_tag-fijar","9":"description-off","11":"first","12":"instock","13":"purchasable","14":"product-type-simple"},"acf":[],"jetpack_sharing_enabled":true,"_links":{"self":[{"href":"https:\/\/gomagom.es\/pt-pt\/wp-json\/wp\/v2\/product\/9454","targetHints":{"allow":["GET"]}}],"collection":[{"href":"https:\/\/gomagom.es\/pt-pt\/wp-json\/wp\/v2\/product"}],"about":[{"href":"https:\/\/gomagom.es\/pt-pt\/wp-json\/wp\/v2\/types\/product"}],"replies":[{"embeddable":true,"href":"https:\/\/gomagom.es\/pt-pt\/wp-json\/wp\/v2\/comments?post=9454"}],"wp:featuredmedia":[{"embeddable":true,"href":"https:\/\/gomagom.es\/pt-pt\/wp-json\/wp\/v2\/media\/269"}],"wp:attachment":[{"href":"https:\/\/gomagom.es\/pt-pt\/wp-json\/wp\/v2\/media?parent=9454"}],"wp:term":[{"taxonomy":"product_brand","embeddable":true,"href":"https:\/\/gomagom.es\/pt-pt\/wp-json\/wp\/v2\/product_brand?post=9454"},{"taxonomy":"product_cat","embeddable":true,"href":"https:\/\/gomagom.es\/pt-pt\/wp-json\/wp\/v2\/product_cat?post=9454"},{"taxonomy":"product_tag","embeddable":true,"href":"https:\/\/gomagom.es\/pt-pt\/wp-json\/wp\/v2\/product_tag?post=9454"}],"curies":[{"name":"wp","href":"https:\/\/api.w.org\/{rel}","templated":true}]}}