{"id":9455,"date":"2024-05-22T15:50:23","date_gmt":"2024-05-22T14:50:23","guid":{"rendered":"https:\/\/gomagom.es\/catalog\/sin%20categor\u00eda\/silicone-formador-de-juntas-50ml\/"},"modified":"2025-04-01T15:58:50","modified_gmt":"2025-04-01T13:58:50","slug":"silicone-formador-de-juntas-50ml","status":"publish","type":"product","link":"https:\/\/gomagom.es\/pt-pt\/catalog\/silicone-formador-de-juntas-50ml\/","title":{"rendered":"SILICONE FORMADOR DE JUNTAS 50ml"},"content":{"rendered":"","protected":false},"excerpt":{"rendered":"<p><span style=\"color: #ff0000;\"><strong>N\u00ba 86<\/strong><\/span> |\u00a0<strong>Ref: GG14601<\/strong>  |\u00a0<i class=\"fa-solid fa-box\"><\/i> 12u. \u00a0<i class=\"fa-solid fa-box fa-2x\"><\/i> 144u.<\/br><br \/>\nAplica\u00e7\u00e3o: Especialmente concebido para aplica\u00e7\u00f5es industriais e para a ind\u00fastria automotiva. Para formar<br \/>\njuntas de silicone em motores, transmiss\u00f5es, bombas de \u00e1gua, \u00f3leo e combust\u00edvel. N\u00e3o corre e adere<br \/>\nperfeitamente a qualquer superf\u00edcie met\u00e1lica e n\u00e3o met\u00e1lica. Propriedades: Alta  exibilidade. Alta<br \/>\nresist\u00eancia a vibra\u00e7\u00f5es cont\u00ednuas. Alta resist\u00eancia qu\u00edmica a solventes, lubri cantes e combust\u00edveis. Alta<br \/>\nresist\u00eancia t\u00e9rmica (de -50 at\u00e9 230 \u00baC).<br \/>\nMODO DE EMPREGO: Remova a junta desgastada. Limpe<br \/>\ntotalmente as superf\u00edcies a unir. Fure o selo do tubo, insira a c\u00e2nula e aplique o produto uniformemente.<br \/>\nEspere alguns minutos antes de juntar as superf\u00edcies. Ap\u00f3s a utiliza\u00e7\u00e3o, feche bem a embalagem. A resist\u00eancia<br \/>\nmec\u00e2nica  nal do produto \u00e9 adquirida 24 horas ap\u00f3s a aplica\u00e7\u00e3o. Nota: o prazo de validade ap\u00f3s a abertura<br \/>\ndo tubo \u00e9 de 3 meses. Guarde num local fresco e seco. Mantenha fora do alcance das crian\u00e7as. Apenas para uso<br \/>\npro ssional.<\/p>\n","protected":false},"featured_media":230,"comment_status":"closed","ping_status":"open","template":"","meta":{"_acf_changed":false},"product_brand":[],"product_cat":[56,16,53],"product_tag":[71],"class_list":{"0":"post-9455","1":"product","2":"type-product","3":"status-publish","4":"has-post-thumbnail","6":"product_cat-adhesivo-especifico","7":"product_cat-bricolaje","8":"product_cat-selladores-siliconas","9":"product_tag-sellar","10":"description-off","12":"first","13":"instock","14":"purchasable","15":"product-type-simple"},"acf":[],"jetpack_sharing_enabled":true,"_links":{"self":[{"href":"https:\/\/gomagom.es\/pt-pt\/wp-json\/wp\/v2\/product\/9455","targetHints":{"allow":["GET"]}}],"collection":[{"href":"https:\/\/gomagom.es\/pt-pt\/wp-json\/wp\/v2\/product"}],"about":[{"href":"https:\/\/gomagom.es\/pt-pt\/wp-json\/wp\/v2\/types\/product"}],"replies":[{"embeddable":true,"href":"https:\/\/gomagom.es\/pt-pt\/wp-json\/wp\/v2\/comments?post=9455"}],"wp:featuredmedia":[{"embeddable":true,"href":"https:\/\/gomagom.es\/pt-pt\/wp-json\/wp\/v2\/media\/230"}],"wp:attachment":[{"href":"https:\/\/gomagom.es\/pt-pt\/wp-json\/wp\/v2\/media?parent=9455"}],"wp:term":[{"taxonomy":"product_brand","embeddable":true,"href":"https:\/\/gomagom.es\/pt-pt\/wp-json\/wp\/v2\/product_brand?post=9455"},{"taxonomy":"product_cat","embeddable":true,"href":"https:\/\/gomagom.es\/pt-pt\/wp-json\/wp\/v2\/product_cat?post=9455"},{"taxonomy":"product_tag","embeddable":true,"href":"https:\/\/gomagom.es\/pt-pt\/wp-json\/wp\/v2\/product_tag?post=9455"}],"curies":[{"name":"wp","href":"https:\/\/api.w.org\/{rel}","templated":true}]}}