{"id":9456,"date":"2024-05-22T15:50:23","date_gmt":"2024-05-22T14:50:23","guid":{"rendered":"https:\/\/gomagom.es\/catalog\/sin%20categor\u00eda\/adesivo-com-luz-uv\/"},"modified":"2025-04-01T15:58:51","modified_gmt":"2025-04-01T13:58:51","slug":"adesivo-com-luz-uv","status":"publish","type":"product","link":"https:\/\/gomagom.es\/pt-pt\/catalog\/adesivo-com-luz-uv\/","title":{"rendered":"ADESIVO COM LUZ UV"},"content":{"rendered":"","protected":false},"excerpt":{"rendered":"<p><span style=\"color: #ff0000;\"><strong>N\u00ba 87<\/strong><\/span> |\u00a0<strong>Ref: GG15561<\/strong>  |\u00a0<i class=\"fa-solid fa-box\"><\/i> 12u. \u00a0<i class=\"fa-solid fa-box fa-2x\"><\/i> 72u.<\/br><br \/>\nA solda qu\u00edmica que fixa, preenche e veda. Ideal para: Acr\u00edlico, Cer\u00e2mica, Madeira, Metal, Pl\u00e1stico&#8221;, Porcelana, Vidro e muito mais. Fa\u00e7a reparos duradouros em segundos com a Adesivo UV GOMAGOM. Basta aplicar a resina e ativar o local com a luz UV presente na caneta para promover uma solda resistente capaz de unir metais, vidros, pl\u00e1sticos, cer\u00e2micas, madeira e muito mais. Fa\u00e7a colagens permanentes e livres de res\u00edduos, acabe com vazamentos ou preencha rachaduras com esta solu\u00e7\u00e3o flex\u00edvel que pode ser pintada depois de seca. Modo de usar: 1. Aplique a resina no local desejado. 2.Fa\u00e7a a uni\u00e3o e mantenha as partes juntas. Com a luz UV presente na caneta, ilumine a resina por alguns segundos, tomando o cuidado de ativar toda a \u00e1rea do adesivo. Importante: Uma aplica\u00e7\u00e3o eficiente depende do contato da luz com a resina. Por isso, certifique-se de que h\u00e1 espa\u00e7o para penetra\u00e7\u00e3o da luz, ou que uma das superficies seja transparente. &#8220;Obs: Esta cola n\u00e3o adere em pl\u00e1sticos \u00e0 base de polietileno, polipropileno, silicone e Teflon\u00ae (Marca Dupont). Composi\u00e7\u00e3o: Polyacrylate, Glycol Methacrylate, Isobornyl acrylate, 2-hydroxypropyl methacrylate e Photoinitiator.<\/p>\n","protected":false},"featured_media":274,"comment_status":"closed","ping_status":"open","template":"","meta":{"_acf_changed":false},"product_brand":[],"product_cat":[56,50,16,62],"product_tag":[134],"class_list":{"0":"post-9456","1":"product","2":"type-product","3":"status-publish","4":"has-post-thumbnail","6":"product_cat-adhesivo-especifico","7":"product_cat-adhesivo-super-instantaneo","8":"product_cat-bricolaje","9":"product_cat-otros-productos","10":"product_tag-reparar-pegar","11":"description-off","13":"first","14":"instock","15":"purchasable","16":"product-type-simple"},"acf":[],"jetpack_sharing_enabled":true,"_links":{"self":[{"href":"https:\/\/gomagom.es\/pt-pt\/wp-json\/wp\/v2\/product\/9456","targetHints":{"allow":["GET"]}}],"collection":[{"href":"https:\/\/gomagom.es\/pt-pt\/wp-json\/wp\/v2\/product"}],"about":[{"href":"https:\/\/gomagom.es\/pt-pt\/wp-json\/wp\/v2\/types\/product"}],"replies":[{"embeddable":true,"href":"https:\/\/gomagom.es\/pt-pt\/wp-json\/wp\/v2\/comments?post=9456"}],"wp:featuredmedia":[{"embeddable":true,"href":"https:\/\/gomagom.es\/pt-pt\/wp-json\/wp\/v2\/media\/274"}],"wp:attachment":[{"href":"https:\/\/gomagom.es\/pt-pt\/wp-json\/wp\/v2\/media?parent=9456"}],"wp:term":[{"taxonomy":"product_brand","embeddable":true,"href":"https:\/\/gomagom.es\/pt-pt\/wp-json\/wp\/v2\/product_brand?post=9456"},{"taxonomy":"product_cat","embeddable":true,"href":"https:\/\/gomagom.es\/pt-pt\/wp-json\/wp\/v2\/product_cat?post=9456"},{"taxonomy":"product_tag","embeddable":true,"href":"https:\/\/gomagom.es\/pt-pt\/wp-json\/wp\/v2\/product_tag?post=9456"}],"curies":[{"name":"wp","href":"https:\/\/api.w.org\/{rel}","templated":true}]}}