{"id":9459,"date":"2024-05-22T15:50:23","date_gmt":"2024-05-22T14:50:23","guid":{"rendered":"https:\/\/gomagom.es\/catalog\/sin%20categor\u00eda\/silicone-resistente-ao-fogo-50ml\/"},"modified":"2025-04-01T15:58:53","modified_gmt":"2025-04-01T13:58:53","slug":"silicone-resistente-ao-fogo-50ml","status":"publish","type":"product","link":"https:\/\/gomagom.es\/pt-pt\/catalog\/silicone-resistente-ao-fogo-50ml\/","title":{"rendered":"SILICONE RESISTENTE AO FOGO 50ml"},"content":{"rendered":"","protected":false},"excerpt":{"rendered":"<p><span style=\"color: #ff0000;\"><strong>N\u00ba 90<\/strong><\/span> |\u00a0<strong>Ref: GG14611<\/strong>  |\u00a0<i class=\"fa-solid fa-box\"><\/i> 12u. \u00a0<i class=\"fa-solid fa-box fa-2x\"><\/i> 144u.<\/br><br \/>\nResistente ao fogo! O selador de silicone \u00e9 um selador com processo de cura neutro. Apresenta uma excelente resist\u00eancia \u00e0s chamas e uma capacidade adesiva otimizada na maioria dos materiais de constru\u00e7\u00e3o sem camada de prim\u00e1rio. N\u00e3o \u00e9 corrosivo para a maioria das superf\u00edcies e apresenta excelente resist\u00eancia aos agentes clim\u00e1ticos e raios ultravioletas.<br \/>\nAPLICA\u00c7\u00d5ES: \u00c9 ideal para realizar a selagem de muros, instala\u00e7\u00f5es<br \/>\neletr\u00f3nicas, janelas, portas, fachadas de edif\u00edcios e juntas de dilata\u00e7\u00e3o, para os quais seja requerida uma classi fia\u00e7\u00e3o de resist\u00eancia ao fogo, tais como em hot\u00e9is, teatros, habita\u00e7\u00f5es, aeroportos e outros locais. Tamb\u00e9m \u00e9 adequado para a sua utiliza\u00e7\u00e3o em sistemas de selagem por penetra\u00e7\u00e3o que contenham tubagens e cabos que passem atrav\u00e9s de estruturas resistentes ao fogo.<\/p>\n","protected":false},"featured_media":231,"comment_status":"closed","ping_status":"open","template":"","meta":{"_acf_changed":false},"product_brand":[],"product_cat":[56,16,53],"product_tag":[71],"class_list":{"0":"post-9459","1":"product","2":"type-product","3":"status-publish","4":"has-post-thumbnail","6":"product_cat-adhesivo-especifico","7":"product_cat-bricolaje","8":"product_cat-selladores-siliconas","9":"product_tag-sellar","10":"description-off","12":"first","13":"instock","14":"purchasable","15":"product-type-simple"},"acf":[],"jetpack_sharing_enabled":true,"_links":{"self":[{"href":"https:\/\/gomagom.es\/pt-pt\/wp-json\/wp\/v2\/product\/9459","targetHints":{"allow":["GET"]}}],"collection":[{"href":"https:\/\/gomagom.es\/pt-pt\/wp-json\/wp\/v2\/product"}],"about":[{"href":"https:\/\/gomagom.es\/pt-pt\/wp-json\/wp\/v2\/types\/product"}],"replies":[{"embeddable":true,"href":"https:\/\/gomagom.es\/pt-pt\/wp-json\/wp\/v2\/comments?post=9459"}],"wp:featuredmedia":[{"embeddable":true,"href":"https:\/\/gomagom.es\/pt-pt\/wp-json\/wp\/v2\/media\/231"}],"wp:attachment":[{"href":"https:\/\/gomagom.es\/pt-pt\/wp-json\/wp\/v2\/media?parent=9459"}],"wp:term":[{"taxonomy":"product_brand","embeddable":true,"href":"https:\/\/gomagom.es\/pt-pt\/wp-json\/wp\/v2\/product_brand?post=9459"},{"taxonomy":"product_cat","embeddable":true,"href":"https:\/\/gomagom.es\/pt-pt\/wp-json\/wp\/v2\/product_cat?post=9459"},{"taxonomy":"product_tag","embeddable":true,"href":"https:\/\/gomagom.es\/pt-pt\/wp-json\/wp\/v2\/product_tag?post=9459"}],"curies":[{"name":"wp","href":"https:\/\/api.w.org\/{rel}","templated":true}]}}