{"id":9461,"date":"2024-05-22T15:50:23","date_gmt":"2024-05-22T14:50:23","guid":{"rendered":"https:\/\/gomagom.es\/catalog\/sin%20categor\u00eda\/fita-de-fixacao-autocolante-branco\/"},"modified":"2025-04-01T15:58:54","modified_gmt":"2025-04-01T13:58:54","slug":"fita-de-fixacao-autocolante-branco","status":"publish","type":"product","link":"https:\/\/gomagom.es\/pt-pt\/catalog\/fita-de-fixacao-autocolante-branco\/","title":{"rendered":"FITA DE FIXA\u00c7\u00c3O AUTOCOLANTE BRANCO"},"content":{"rendered":"","protected":false},"excerpt":{"rendered":"<p><span style=\"color: #ff0000;\"><strong>N\u00ba 92<\/strong><\/span> |\u00a0<strong>Ref: GG17281<\/strong>  |\u00a0<i class=\"fa-solid fa-box\"><\/i> 12u. \u00a0<i class=\"fa-solid fa-box fa-2x\"><\/i> 144u.<\/br><br \/>\nA  ta de  xa\u00e7\u00e3o autocolante \u00e9 um material que se adapta a diferentes ambientes<br \/>\nde trabalho, ajust\u00e1vel, reutiliz\u00e1vel, muito f\u00e1cil de instalar e oferece m\u00faltiplas<br \/>\nsolu\u00e7\u00f5es. Ideal para prender, fixar, pendurar, colar e ordenar objetos leves de forma r\u00e1pida<br \/>\ne f\u00e1cil, organizar e agrupar cabos, pendurar cartazes, pe\u00e7as de roupa, endireitar<br \/>\nou segurar plantas e arbustos, etc., de forma uma f\u00e1cil e confort\u00e1vel. F\u00e1cil de abrir<br \/>\ne fechar v\u00e1rias vezes. Oferece uma fixa\u00e7\u00e3o semelhante a parafusos e rebites, mas<br \/>\ncom a vantagem de poder ser facilmente removida. Oferece uma ades\u00e3o firme,<br \/>\nvers\u00e1til, dur\u00e1vel e resistente \u00e0 \u00e1gua. Adequada para utiliza\u00e7\u00e3o em exteriores.<br \/>\nPode ser cortada, agrafada, pregada e aparafusada.<\/p>\n","protected":false},"featured_media":347,"comment_status":"closed","ping_status":"open","template":"","meta":{"_acf_changed":false},"product_brand":[],"product_cat":[16,63,62],"product_tag":[98],"class_list":{"0":"post-9461","1":"product","2":"type-product","3":"status-publish","4":"has-post-thumbnail","6":"product_cat-bricolaje","7":"product_cat-cintas-adhesivas-bricolaje","8":"product_cat-otros-productos","9":"product_tag-fijar","10":"description-off","12":"first","13":"instock","14":"purchasable","15":"product-type-simple"},"acf":[],"jetpack_sharing_enabled":true,"_links":{"self":[{"href":"https:\/\/gomagom.es\/pt-pt\/wp-json\/wp\/v2\/product\/9461","targetHints":{"allow":["GET"]}}],"collection":[{"href":"https:\/\/gomagom.es\/pt-pt\/wp-json\/wp\/v2\/product"}],"about":[{"href":"https:\/\/gomagom.es\/pt-pt\/wp-json\/wp\/v2\/types\/product"}],"replies":[{"embeddable":true,"href":"https:\/\/gomagom.es\/pt-pt\/wp-json\/wp\/v2\/comments?post=9461"}],"wp:featuredmedia":[{"embeddable":true,"href":"https:\/\/gomagom.es\/pt-pt\/wp-json\/wp\/v2\/media\/347"}],"wp:attachment":[{"href":"https:\/\/gomagom.es\/pt-pt\/wp-json\/wp\/v2\/media?parent=9461"}],"wp:term":[{"taxonomy":"product_brand","embeddable":true,"href":"https:\/\/gomagom.es\/pt-pt\/wp-json\/wp\/v2\/product_brand?post=9461"},{"taxonomy":"product_cat","embeddable":true,"href":"https:\/\/gomagom.es\/pt-pt\/wp-json\/wp\/v2\/product_cat?post=9461"},{"taxonomy":"product_tag","embeddable":true,"href":"https:\/\/gomagom.es\/pt-pt\/wp-json\/wp\/v2\/product_tag?post=9461"}],"curies":[{"name":"wp","href":"https:\/\/api.w.org\/{rel}","templated":true}]}}