{"id":9467,"date":"2024-05-22T15:50:23","date_gmt":"2024-05-22T14:50:23","guid":{"rendered":"https:\/\/gomagom.es\/catalog\/sin%20categor\u00eda\/fita-autovulcanizavel-amarelo\/"},"modified":"2025-04-01T15:58:56","modified_gmt":"2025-04-01T13:58:56","slug":"fita-autovulcanizavel-amarelo","status":"publish","type":"product","link":"https:\/\/gomagom.es\/pt-pt\/catalog\/fita-autovulcanizavel-amarelo\/","title":{"rendered":"FITA AUTOVULCANIZ\u00c1VEL AMARELO"},"content":{"rendered":"","protected":false},"excerpt":{"rendered":"<p><span style=\"color: #ff0000;\"><strong>N\u00ba 99<\/strong><\/span> |\u00a0<strong>Ref: GG16021<\/strong>  |\u00a0<i class=\"fa-solid fa-box\"><\/i> 12u. \u00a0<i class=\"fa-solid fa-box fa-2x\"><\/i> 72u.<\/br><br \/>\nIdeal para reparos el\u00e9tricos, vazamentos, e muito mais. A prova d\u2019\u00e1gua e dos raios UV. A Fita de Autofus\u00e3o GOMAGOM \u00e9 uma fita multiuso para diversos reparos dom\u00e9sticos. Produzida sem nenhum tipo de adesivo, ela simplesmente adere a si mesma em um processo de \u2018autofus\u00e3o\u2019, promovendo um reparo e ciente, a prova de \u00e1gua, resistente aos raios UV, sal, qu\u00edmicos corrosivos e \u00f3leos. \u00c9 um substituto da  ta isolante tradicional com uma capacidade de isolamento de at\u00e9 20.000 volts. Resiste a temperaturas entre -50\u00b0C a 180\u00b0C. Trata-se de uma fita de Silicone que n\u00e3o perde flexibilidade. \u00c9 indicada<br \/>\npara reparo de instala\u00e7\u00f5es el\u00e9tricas, fios danificados, pequenos vazamentos em tubula\u00e7\u00f5es, canos e mangueiras. Perfeita tamb\u00e9m para reparos provis\u00f3rios de emerg\u00eancia. Por ser uma fita de autofus\u00e3o, funciona muito bem em uma in nidade de<br \/>\nsubstratos, tais como cobre, pl\u00e1stico, PVC, borracha e muitos outros.<br \/>\nMODO DE UTILIZA\u00c7A\u00d5: 1. Corte o tamanho de fita necess\u00e1rio para o reparo que deseja fazer. 2. Remova o filme transparente protetor da fita. 3. Envolva o local desejado, esticando bem a fita ao redor dele, de modo que a fita volte a ter contato com ela mesma. Nota: N\u00e3o existe lado correto para a jun\u00e7\u00e3o da fita. Voc\u00ea pode unir qualquer um dos lados da Fita de Autofus\u00e3o. Para remover: Basta cortar o produto, tomando cuidado para n\u00e3o dani car o local onde ele estava aplicado. A Fita de Autofus\u00e3o n\u00e3o deixa res\u00edduos de adesivos. Importante: Para<br \/>\nsua seguran\u00e7a, antes de qualquer tipo de reparo el\u00e9trico, certifique-se de que o aparelho esteja desplugado, desligado ou sem a presen\u00e7a de corrente el\u00e9trica. Composi\u00e7\u00e3o: Fita \u00e0 base de pol\u00edmeros de silicone. N\u00e3o quebra. Flex\u00edvel.<\/p>\n","protected":false},"featured_media":291,"comment_status":"closed","ping_status":"open","template":"","meta":{"_acf_changed":false},"product_brand":[],"product_cat":[56,16,63],"product_tag":[134,71],"class_list":{"0":"post-9467","1":"product","2":"type-product","3":"status-publish","4":"has-post-thumbnail","6":"product_cat-adhesivo-especifico","7":"product_cat-bricolaje","8":"product_cat-cintas-adhesivas-bricolaje","9":"product_tag-reparar-pegar","10":"product_tag-sellar","11":"description-off","13":"first","14":"instock","15":"purchasable","16":"product-type-simple"},"acf":[],"jetpack_sharing_enabled":true,"_links":{"self":[{"href":"https:\/\/gomagom.es\/pt-pt\/wp-json\/wp\/v2\/product\/9467","targetHints":{"allow":["GET"]}}],"collection":[{"href":"https:\/\/gomagom.es\/pt-pt\/wp-json\/wp\/v2\/product"}],"about":[{"href":"https:\/\/gomagom.es\/pt-pt\/wp-json\/wp\/v2\/types\/product"}],"replies":[{"embeddable":true,"href":"https:\/\/gomagom.es\/pt-pt\/wp-json\/wp\/v2\/comments?post=9467"}],"wp:featuredmedia":[{"embeddable":true,"href":"https:\/\/gomagom.es\/pt-pt\/wp-json\/wp\/v2\/media\/291"}],"wp:attachment":[{"href":"https:\/\/gomagom.es\/pt-pt\/wp-json\/wp\/v2\/media?parent=9467"}],"wp:term":[{"taxonomy":"product_brand","embeddable":true,"href":"https:\/\/gomagom.es\/pt-pt\/wp-json\/wp\/v2\/product_brand?post=9467"},{"taxonomy":"product_cat","embeddable":true,"href":"https:\/\/gomagom.es\/pt-pt\/wp-json\/wp\/v2\/product_cat?post=9467"},{"taxonomy":"product_tag","embeddable":true,"href":"https:\/\/gomagom.es\/pt-pt\/wp-json\/wp\/v2\/product_tag?post=9467"}],"curies":[{"name":"wp","href":"https:\/\/api.w.org\/{rel}","templated":true}]}}