{"id":9471,"date":"2024-05-22T15:50:23","date_gmt":"2024-05-22T14:50:23","guid":{"rendered":"https:\/\/gomagom.es\/catalog\/sin%20categor\u00eda\/baton-de-maquilhagem-de-utilizacao-facil-e-segura-standard-amarelo-6u\/"},"modified":"2025-04-01T15:59:04","modified_gmt":"2025-04-01T13:59:04","slug":"baton-de-maquilhagem-de-utilizacao-facil-e-segura-standard-amarelo-6u","status":"publish","type":"product","link":"https:\/\/gomagom.es\/pt-pt\/catalog\/baton-de-maquilhagem-de-utilizacao-facil-e-segura-standard-amarelo-6u\/","title":{"rendered":"BATON DE MAQUILHAGEM DE UTILIZA\u00c7\u00c3O F\u00c1CIL E SEGURA STANDARD AMARELO 6u"},"content":{"rendered":"","protected":false},"excerpt":{"rendered":"<p><strong>Ref: GG11541<\/strong> |\u00a0<i class=\"fa-solid fa-box\"><\/i> 1u. \u00a0<i class=\"fa-solid fa-box fa-2x\"><\/i> 10u.<\/br><br \/>\nQualidade cosm\u00e9tica. N\u00e3o oleoso, n\u00e3o requer desmaquilhante para limpeza. Facilmente lav\u00e1vel da pele com \u00e1gua e sab\u00e3o.<\/p>\n","protected":false},"featured_media":410,"comment_status":"closed","ping_status":"open","template":"","meta":{"_acf_changed":false},"product_brand":[],"product_cat":[36],"product_tag":[],"class_list":{"0":"post-9471","1":"product","2":"type-product","3":"status-publish","4":"has-post-thumbnail","6":"product_cat-papeleria","7":"description-off","9":"first","10":"instock","11":"purchasable","12":"product-type-simple"},"acf":[],"jetpack_sharing_enabled":true,"_links":{"self":[{"href":"https:\/\/gomagom.es\/pt-pt\/wp-json\/wp\/v2\/product\/9471","targetHints":{"allow":["GET"]}}],"collection":[{"href":"https:\/\/gomagom.es\/pt-pt\/wp-json\/wp\/v2\/product"}],"about":[{"href":"https:\/\/gomagom.es\/pt-pt\/wp-json\/wp\/v2\/types\/product"}],"replies":[{"embeddable":true,"href":"https:\/\/gomagom.es\/pt-pt\/wp-json\/wp\/v2\/comments?post=9471"}],"wp:featuredmedia":[{"embeddable":true,"href":"https:\/\/gomagom.es\/pt-pt\/wp-json\/wp\/v2\/media\/410"}],"wp:attachment":[{"href":"https:\/\/gomagom.es\/pt-pt\/wp-json\/wp\/v2\/media?parent=9471"}],"wp:term":[{"taxonomy":"product_brand","embeddable":true,"href":"https:\/\/gomagom.es\/pt-pt\/wp-json\/wp\/v2\/product_brand?post=9471"},{"taxonomy":"product_cat","embeddable":true,"href":"https:\/\/gomagom.es\/pt-pt\/wp-json\/wp\/v2\/product_cat?post=9471"},{"taxonomy":"product_tag","embeddable":true,"href":"https:\/\/gomagom.es\/pt-pt\/wp-json\/wp\/v2\/product_tag?post=9471"}],"curies":[{"name":"wp","href":"https:\/\/api.w.org\/{rel}","templated":true}]}}