{"id":9490,"date":"2024-05-22T15:50:36","date_gmt":"2024-05-22T14:50:36","guid":{"rendered":"https:\/\/gomagom.es\/catalog\/sin%20categor\u00eda\/ativador-slime-250ml\/"},"modified":"2025-04-01T15:59:11","modified_gmt":"2025-04-01T13:59:11","slug":"ativador-slime-250ml","status":"publish","type":"product","link":"https:\/\/gomagom.es\/pt-pt\/catalog\/ativador-slime-250ml\/","title":{"rendered":"ATIVADOR SLIME 250ml"},"content":{"rendered":"","protected":false},"excerpt":{"rendered":"<p><strong>Ref: GG14081<\/strong> |\u00a0<i class=\"fa-solid fa-box\"><\/i> 10u. \u00a0<i class=\"fa-solid fa-box fa-2x\"><\/i> 40u.<\/br><br \/>\nINSTRU\u00c7\u00d5ES DE UTILIZA\u00c7\u00c3O: Deitar o Ativador SLIME lentamente sobre a cola, removendo ao mesmo tempo at\u00e9 o l\u00edquido estar homog\u00e9neo.<br \/>\nDOSE: +\/- 50ml de ativador por 100ml de cola.  Normativo: O produto est\u00e1 conforme o padr\u00e3o europeu EN 71\/3 (Brinquedos). F\u00f3rmula classificada como n\u00e3o perigosa de acordo com o Regulamento CLP (CE) 1272\/2008.<\/p>\n","protected":false},"featured_media":445,"comment_status":"closed","ping_status":"open","template":"","meta":{"_acf_changed":false},"product_brand":[],"product_cat":[36,349],"product_tag":[],"class_list":{"0":"post-9490","1":"product","2":"type-product","3":"status-publish","4":"has-post-thumbnail","6":"product_cat-papeleria","7":"product_cat-slime-kits-activadores","8":"description-off","10":"first","11":"instock","12":"purchasable","13":"product-type-simple"},"acf":[],"jetpack_sharing_enabled":true,"_links":{"self":[{"href":"https:\/\/gomagom.es\/pt-pt\/wp-json\/wp\/v2\/product\/9490","targetHints":{"allow":["GET"]}}],"collection":[{"href":"https:\/\/gomagom.es\/pt-pt\/wp-json\/wp\/v2\/product"}],"about":[{"href":"https:\/\/gomagom.es\/pt-pt\/wp-json\/wp\/v2\/types\/product"}],"replies":[{"embeddable":true,"href":"https:\/\/gomagom.es\/pt-pt\/wp-json\/wp\/v2\/comments?post=9490"}],"wp:featuredmedia":[{"embeddable":true,"href":"https:\/\/gomagom.es\/pt-pt\/wp-json\/wp\/v2\/media\/445"}],"wp:attachment":[{"href":"https:\/\/gomagom.es\/pt-pt\/wp-json\/wp\/v2\/media?parent=9490"}],"wp:term":[{"taxonomy":"product_brand","embeddable":true,"href":"https:\/\/gomagom.es\/pt-pt\/wp-json\/wp\/v2\/product_brand?post=9490"},{"taxonomy":"product_cat","embeddable":true,"href":"https:\/\/gomagom.es\/pt-pt\/wp-json\/wp\/v2\/product_cat?post=9490"},{"taxonomy":"product_tag","embeddable":true,"href":"https:\/\/gomagom.es\/pt-pt\/wp-json\/wp\/v2\/product_tag?post=9490"}],"curies":[{"name":"wp","href":"https:\/\/api.w.org\/{rel}","templated":true}]}}