{"id":9496,"date":"2024-05-22T15:50:49","date_gmt":"2024-05-22T14:50:49","guid":{"rendered":"https:\/\/gomagom.es\/catalog\/sin%20categor\u00eda\/cola-especial-para-goma-eva\/"},"modified":"2025-04-01T15:59:16","modified_gmt":"2025-04-01T13:59:16","slug":"cola-especial-para-goma-eva","status":"publish","type":"product","link":"https:\/\/gomagom.es\/pt-pt\/catalog\/cola-especial-para-goma-eva\/","title":{"rendered":"COLA ESPECIAL PARA GOMA EVA"},"content":{"rendered":"","protected":false},"excerpt":{"rendered":"<p><strong>Ref: GG15041<\/strong> |\u00a0<i class=\"fa-solid fa-box\"><\/i> 12u. \u00a0<i class=\"fa-solid fa-box fa-2x\"><\/i> 144u.<\/br><br \/>\nF\u00e1cil aplica\u00e7\u00e3o. Ideal para colar goma eva e otros materiais como: papel, cartolina, cart\u00e3o, fotos, etc. Colagem instant\u00e3nea. Sem disolventes.<\/p>\n","protected":false},"featured_media":456,"comment_status":"closed","ping_status":"open","template":"","meta":{"_acf_changed":false},"product_brand":[],"product_cat":[42,41,36],"product_tag":[],"class_list":{"0":"post-9496","1":"product","2":"type-product","3":"status-publish","4":"has-post-thumbnail","6":"product_cat-adhesivo-goma-eva","7":"product_cat-cintas-adhesivas","8":"product_cat-papeleria","9":"description-off","11":"first","12":"instock","13":"purchasable","14":"product-type-simple"},"acf":[],"jetpack_sharing_enabled":true,"_links":{"self":[{"href":"https:\/\/gomagom.es\/pt-pt\/wp-json\/wp\/v2\/product\/9496","targetHints":{"allow":["GET"]}}],"collection":[{"href":"https:\/\/gomagom.es\/pt-pt\/wp-json\/wp\/v2\/product"}],"about":[{"href":"https:\/\/gomagom.es\/pt-pt\/wp-json\/wp\/v2\/types\/product"}],"replies":[{"embeddable":true,"href":"https:\/\/gomagom.es\/pt-pt\/wp-json\/wp\/v2\/comments?post=9496"}],"wp:featuredmedia":[{"embeddable":true,"href":"https:\/\/gomagom.es\/pt-pt\/wp-json\/wp\/v2\/media\/456"}],"wp:attachment":[{"href":"https:\/\/gomagom.es\/pt-pt\/wp-json\/wp\/v2\/media?parent=9496"}],"wp:term":[{"taxonomy":"product_brand","embeddable":true,"href":"https:\/\/gomagom.es\/pt-pt\/wp-json\/wp\/v2\/product_brand?post=9496"},{"taxonomy":"product_cat","embeddable":true,"href":"https:\/\/gomagom.es\/pt-pt\/wp-json\/wp\/v2\/product_cat?post=9496"},{"taxonomy":"product_tag","embeddable":true,"href":"https:\/\/gomagom.es\/pt-pt\/wp-json\/wp\/v2\/product_tag?post=9496"}],"curies":[{"name":"wp","href":"https:\/\/api.w.org\/{rel}","templated":true}]}}