{"id":9546,"date":"2024-05-22T15:51:15","date_gmt":"2024-05-22T14:51:15","guid":{"rendered":"https:\/\/gomagom.es\/catalog\/sin%20categor\u00eda\/pintura-acrilica-preto-30g\/"},"modified":"2025-04-01T15:59:43","modified_gmt":"2025-04-01T13:59:43","slug":"pintura-acrilica-preto-30g","status":"publish","type":"product","link":"https:\/\/gomagom.es\/pt-pt\/catalog\/pintura-acrilica-preto-30g\/","title":{"rendered":"PINTURA ACR\u00cdLICA PRETO 30g"},"content":{"rendered":"","protected":false},"excerpt":{"rendered":"<p><strong>Ref: GG19761<\/strong> |\u00a0<i class=\"fa-solid fa-box\"><\/i> u. \u00a0<i class=\"fa-solid fa-box fa-2x\"><\/i> 12u.<\/br><br \/>\nTinta \u00e0 base de \u00e1gua, com pigmento de alta solidez \u00e0 luz. Acabamento acetinado com alto poder de cobertura. F\u00e1cil mistura de cores. Tinta de secagem r\u00e1pida que cria uma pel\u00edcula resistente \u00e0 \u00e1gua. Totalmente aderente \u00e0 maioria das superf\u00edcies:<br \/>\ncer\u00e2mica, metal, madeira, vidro, cart\u00e3o, etc. F\u00e1cil de lavar e eliminar das m\u00e3os. Para aplica\u00e7\u00f5es em tecidos, obt\u00e9m-se um melhor resultado lavando antes de secar.<\/p>\n","protected":false},"featured_media":564,"comment_status":"closed","ping_status":"open","template":"","meta":{"_acf_changed":false},"product_brand":[],"product_cat":[38,36],"product_tag":[],"class_list":{"0":"post-9546","1":"product","2":"type-product","3":"status-publish","4":"has-post-thumbnail","6":"product_cat-material-escolar","7":"product_cat-papeleria","8":"description-off","10":"first","11":"instock","12":"purchasable","13":"product-type-simple"},"acf":[],"jetpack_sharing_enabled":true,"_links":{"self":[{"href":"https:\/\/gomagom.es\/pt-pt\/wp-json\/wp\/v2\/product\/9546","targetHints":{"allow":["GET"]}}],"collection":[{"href":"https:\/\/gomagom.es\/pt-pt\/wp-json\/wp\/v2\/product"}],"about":[{"href":"https:\/\/gomagom.es\/pt-pt\/wp-json\/wp\/v2\/types\/product"}],"replies":[{"embeddable":true,"href":"https:\/\/gomagom.es\/pt-pt\/wp-json\/wp\/v2\/comments?post=9546"}],"wp:featuredmedia":[{"embeddable":true,"href":"https:\/\/gomagom.es\/pt-pt\/wp-json\/wp\/v2\/media\/564"}],"wp:attachment":[{"href":"https:\/\/gomagom.es\/pt-pt\/wp-json\/wp\/v2\/media?parent=9546"}],"wp:term":[{"taxonomy":"product_brand","embeddable":true,"href":"https:\/\/gomagom.es\/pt-pt\/wp-json\/wp\/v2\/product_brand?post=9546"},{"taxonomy":"product_cat","embeddable":true,"href":"https:\/\/gomagom.es\/pt-pt\/wp-json\/wp\/v2\/product_cat?post=9546"},{"taxonomy":"product_tag","embeddable":true,"href":"https:\/\/gomagom.es\/pt-pt\/wp-json\/wp\/v2\/product_tag?post=9546"}],"curies":[{"name":"wp","href":"https:\/\/api.w.org\/{rel}","templated":true}]}}