{"id":9806,"date":"2024-06-18T08:00:40","date_gmt":"2024-06-18T06:00:40","guid":{"rendered":"https:\/\/gomagom.es\/?post_type=product&#038;p=9806"},"modified":"2024-06-18T08:19:24","modified_gmt":"2024-06-18T07:19:24","slug":"cola-para-esferovite-50ml-copia","status":"publish","type":"product","link":"https:\/\/gomagom.es\/pt-pt\/catalog\/cola-para-esferovite-50ml-copia\/","title":{"rendered":"COLA PARA ESFEROVITE 20ml"},"content":{"rendered":"","protected":false},"excerpt":{"rendered":"<p><strong>N\u00ba 95<\/strong>\u00a0|\u00a0<strong>Ref: GG15791<\/strong>|\u00a0 12u. \u00a0 144u.<\/p>\n<p>Serve para colar: esferovite sobre si pr\u00f3prio e sobre papel, cart\u00e3o, madeira, couro, tecidos, cristal, tijolo, PVC r\u00edgido, etc. Cola tamb\u00e9m cola EVA, madeira, papel, cart\u00e3o, cartolina, &#8230; A COLA PARA ESFEROVITE (poliestireno expandido) GomaGom\u00a0 \u00e9 ideal para unir rapidamente qualquer objecto em esferovite ou poliestireno expandido como cartazes, n\u00fameros, letras, placas de espuma, isolantes, etc.<\/p>\n<p>MODO DE USO: Limpe bem as superf\u00edcies a unir (n\u00e3o utilize dissolvente para limpar o poliestireno expandido). Aplique o autocolante apenas numa das superf\u00edcies.<\/p>\n","protected":false},"featured_media":9783,"comment_status":"closed","ping_status":"closed","template":"","meta":{"_acf_changed":false},"product_brand":[],"product_cat":[135,191,235],"product_tag":[137],"class_list":{"0":"post-9806","1":"product","2":"type-product","3":"status-publish","4":"has-post-thumbnail","6":"product_cat-bricolaje-pt-pt","7":"product_cat-adhesivo-especifico-pt-pt","8":"product_cat-otros-productos-pt-pt","9":"product_tag-reparar-pegar-pt-pt","10":"description-off","12":"first","13":"instock","14":"purchasable","15":"product-type-simple"},"acf":[],"jetpack_sharing_enabled":true,"_links":{"self":[{"href":"https:\/\/gomagom.es\/pt-pt\/wp-json\/wp\/v2\/product\/9806","targetHints":{"allow":["GET"]}}],"collection":[{"href":"https:\/\/gomagom.es\/pt-pt\/wp-json\/wp\/v2\/product"}],"about":[{"href":"https:\/\/gomagom.es\/pt-pt\/wp-json\/wp\/v2\/types\/product"}],"replies":[{"embeddable":true,"href":"https:\/\/gomagom.es\/pt-pt\/wp-json\/wp\/v2\/comments?post=9806"}],"wp:featuredmedia":[{"embeddable":true,"href":"https:\/\/gomagom.es\/pt-pt\/wp-json\/wp\/v2\/media\/9783"}],"wp:attachment":[{"href":"https:\/\/gomagom.es\/pt-pt\/wp-json\/wp\/v2\/media?parent=9806"}],"wp:term":[{"taxonomy":"product_brand","embeddable":true,"href":"https:\/\/gomagom.es\/pt-pt\/wp-json\/wp\/v2\/product_brand?post=9806"},{"taxonomy":"product_cat","embeddable":true,"href":"https:\/\/gomagom.es\/pt-pt\/wp-json\/wp\/v2\/product_cat?post=9806"},{"taxonomy":"product_tag","embeddable":true,"href":"https:\/\/gomagom.es\/pt-pt\/wp-json\/wp\/v2\/product_tag?post=9806"}],"curies":[{"name":"wp","href":"https:\/\/api.w.org\/{rel}","templated":true}]}}