{"id":9830,"date":"2024-06-18T10:29:20","date_gmt":"2024-06-18T09:29:20","guid":{"rendered":"https:\/\/gomagom.es\/?post_type=product&#038;p=9830"},"modified":"2025-04-01T15:58:59","modified_gmt":"2025-04-01T13:58:59","slug":"silicone-branco-125ml","status":"publish","type":"product","link":"https:\/\/gomagom.es\/pt-pt\/catalog\/silicone-branco-125ml\/","title":{"rendered":"SILICONE BRANCO 125ml"},"content":{"rendered":"","protected":false},"excerpt":{"rendered":"<p><span style=\"color: #ff0000;\"><strong>N\u00ba 103<\/strong><\/span>\u00a0|\u00a0<strong>Ref: GG13491<\/strong>\u00a0|\u00a0<i class=\"fa-solid fa-box\"><\/i> 6u. \u00a0<i class=\"fa-solid fa-box fa-2x\"><\/i> 72u.<br \/>\nPara a veda\u00e7\u00e3o de sanit\u00e1rios, torneiras e resguardos de banheira e duche. APLICA\u00c7\u00d5ES: Para a veda\u00e7\u00e3o de sanit\u00e1rios, torneiras e resguardos de banheira e duche. Na cozinha, evita infiltra\u00e7\u00f5es de \u00e1gua em lava-loi\u00e7as e torneiras. Veda e cola vidros em vitrinas e envidra\u00e7amentos com caixilharia de madeira alum\u00ednio e PVC.<br \/>\nO SILICONE BRANCO GomaGom evita a forma\u00e7\u00e3o de bolor nos pontos onde \u00e9 aplicado. Permanece sempre el\u00e1stico e n\u00e3o fissura com o passar do tempo. A sua estudada composi\u00e7\u00e3o torna-o especialmente resistente em locais altamente expostos \u00e0 \u00e1gua ou humidade.<br \/>\nMODO DE EMPREGO: Limpar bem as superf\u00edcies a unir, removendo poeiras, \u00e1gua e sujidade em geral. Espalhar com a ajuda de uma esp\u00e1tula ou com a ponta dos dedos embebida em \u00e1gua e sab\u00e3o. Ap\u00f3s 24 horas, a junta estar\u00e1 vulcanizada e o excesso poder\u00e1 ser removido com um x-ato.<\/p>\n","protected":false},"featured_media":9825,"comment_status":"closed","ping_status":"closed","template":"","meta":{"_acf_changed":false},"product_brand":[],"product_cat":[15],"product_tag":[],"class_list":{"0":"post-9830","1":"product","2":"type-product","3":"status-publish","4":"has-post-thumbnail","6":"product_cat-uncategorized","7":"description-off","9":"first","10":"instock","11":"purchasable","12":"product-type-simple"},"acf":[],"jetpack_sharing_enabled":true,"_links":{"self":[{"href":"https:\/\/gomagom.es\/pt-pt\/wp-json\/wp\/v2\/product\/9830","targetHints":{"allow":["GET"]}}],"collection":[{"href":"https:\/\/gomagom.es\/pt-pt\/wp-json\/wp\/v2\/product"}],"about":[{"href":"https:\/\/gomagom.es\/pt-pt\/wp-json\/wp\/v2\/types\/product"}],"replies":[{"embeddable":true,"href":"https:\/\/gomagom.es\/pt-pt\/wp-json\/wp\/v2\/comments?post=9830"}],"wp:featuredmedia":[{"embeddable":true,"href":"https:\/\/gomagom.es\/pt-pt\/wp-json\/wp\/v2\/media\/9825"}],"wp:attachment":[{"href":"https:\/\/gomagom.es\/pt-pt\/wp-json\/wp\/v2\/media?parent=9830"}],"wp:term":[{"taxonomy":"product_brand","embeddable":true,"href":"https:\/\/gomagom.es\/pt-pt\/wp-json\/wp\/v2\/product_brand?post=9830"},{"taxonomy":"product_cat","embeddable":true,"href":"https:\/\/gomagom.es\/pt-pt\/wp-json\/wp\/v2\/product_cat?post=9830"},{"taxonomy":"product_tag","embeddable":true,"href":"https:\/\/gomagom.es\/pt-pt\/wp-json\/wp\/v2\/product_tag?post=9830"}],"curies":[{"name":"wp","href":"https:\/\/api.w.org\/{rel}","templated":true}]}}