{"id":9854,"date":"2024-06-25T10:02:03","date_gmt":"2024-06-25T08:02:03","guid":{"rendered":"https:\/\/gomagom.es\/?post_type=product&#038;p=9854"},"modified":"2024-06-25T10:56:43","modified_gmt":"2024-06-25T09:56:43","slug":"adhesivo-para-tuberias-de-pvc-50ml-copia","status":"publish","type":"product","link":"https:\/\/gomagom.es\/pt-pt\/catalog\/adhesivo-para-tuberias-de-pvc-50ml-copia\/","title":{"rendered":"COLA PARA TUBAGENS DE PVC 125ml"},"content":{"rendered":"","protected":false},"excerpt":{"rendered":"<p><span style=\"color: #ff0000;\"><strong>N\u00ba 101<\/strong><\/span> | <strong>Ref: GG13471<\/strong> | <i class=\"fa-solid fa-box\"><\/i> 6u. <i class=\"fa-solid fa-box fa-2x\"><\/i> 72u.<br \/>\nPARA COLAR: Tubos de PVC r\u00edgido, mangueiras de PVC, canaliza\u00e7\u00f5es, instala\u00e7\u00f5es, materiais de PVC r\u00edgido, repara\u00e7\u00f5es e objetos de PVC em geral. A COLA PARA TUBAGENS DE PVC<br \/>\nGOMAGOM cola perfeitamente pl\u00e1sticos r\u00edgidos de PVC, especialmente canaliza\u00e7\u00f5es de \u00e1gua submetidas \u00e0 press\u00e3o. Garante uma uni\u00e3o perfeita altamente resistente e sem fugas. MODO DE EMPREGO: Aplicar uma camada na do produto em ambas as superf\u00edcies a unir, previamente limpas e secas. Encaixar os tubos a unir sem os rodar. Resiste \u00e0 press\u00e3o ap\u00f3s 6 horas, resist\u00eancia m\u00e1xima ap\u00f3s aproximadamente 12 horas.<\/p>\n","protected":false},"featured_media":9859,"comment_status":"closed","ping_status":"closed","template":"","meta":{"_acf_changed":false},"product_brand":[],"product_cat":[135,210],"product_tag":[137,333],"class_list":{"0":"post-9854","1":"product","2":"type-product","3":"status-publish","4":"has-post-thumbnail","6":"product_cat-bricolaje-pt-pt","7":"product_cat-adhesivo-para-plasticos-pt-pt","8":"product_tag-reparar-pegar-pt-pt","9":"product_tag-sellar-pt-pt","10":"description-off","12":"first","13":"instock","14":"purchasable","15":"product-type-simple"},"acf":[],"jetpack_sharing_enabled":true,"_links":{"self":[{"href":"https:\/\/gomagom.es\/pt-pt\/wp-json\/wp\/v2\/product\/9854","targetHints":{"allow":["GET"]}}],"collection":[{"href":"https:\/\/gomagom.es\/pt-pt\/wp-json\/wp\/v2\/product"}],"about":[{"href":"https:\/\/gomagom.es\/pt-pt\/wp-json\/wp\/v2\/types\/product"}],"replies":[{"embeddable":true,"href":"https:\/\/gomagom.es\/pt-pt\/wp-json\/wp\/v2\/comments?post=9854"}],"wp:featuredmedia":[{"embeddable":true,"href":"https:\/\/gomagom.es\/pt-pt\/wp-json\/wp\/v2\/media\/9859"}],"wp:attachment":[{"href":"https:\/\/gomagom.es\/pt-pt\/wp-json\/wp\/v2\/media?parent=9854"}],"wp:term":[{"taxonomy":"product_brand","embeddable":true,"href":"https:\/\/gomagom.es\/pt-pt\/wp-json\/wp\/v2\/product_brand?post=9854"},{"taxonomy":"product_cat","embeddable":true,"href":"https:\/\/gomagom.es\/pt-pt\/wp-json\/wp\/v2\/product_cat?post=9854"},{"taxonomy":"product_tag","embeddable":true,"href":"https:\/\/gomagom.es\/pt-pt\/wp-json\/wp\/v2\/product_tag?post=9854"}],"curies":[{"name":"wp","href":"https:\/\/api.w.org\/{rel}","templated":true}]}}