{"id":9870,"date":"2024-06-25T11:25:39","date_gmt":"2024-06-25T09:25:39","guid":{"rendered":"https:\/\/gomagom.es\/catalog\/sem%20categoria\/adhesivo-de-contacto-125ml\/"},"modified":"2024-06-25T11:59:40","modified_gmt":"2024-06-25T10:59:40","slug":"adhesivo-de-contacto-125ml","status":"publish","type":"product","link":"https:\/\/gomagom.es\/pt-pt\/catalog\/adhesivo-de-contacto-125ml\/","title":{"rendered":"COLA DE CONTACTO 125ml"},"content":{"rendered":"","protected":false},"excerpt":{"rendered":"<p><span style=\"color: #ff0000;\"><strong>N\u00ba 100<\/strong><\/span> | <strong>Ref: GG13461<\/strong> | <i class=\"fa-solid fa-box\"><\/i> 6u. <i class=\"fa-solid fa-box fa-2x\"><\/i> 72u.<br \/>\nPARA COLAR: F\u00f3rmica, madeira, aglomerado, contraplacado, borracha,<br \/>\ncouro, tecidos, lou\u00e7a, corti\u00e7a, alcatifas, metais, pl\u00e1sticos, etc. A COLA DE CONTACTO MULTIUSO GomaGom \u00e9 ideal para a utiliza\u00e7\u00e3o com materiais porosos e n\u00e3o porosos. Cola perfeitamente duas superf\u00edcies que necessitem de permanecer unidas inde nidamente. Ideal para colar materiais de cor branca.<br \/>\nMODO DE EMPREGO: As superf\u00edcies a colar devem estar limpas, secas e isentas de poeiras e gorduras. Aplicar uma camada na de cola sobre ambas as superf\u00edcies. Deixar secar at\u00e9 que a cola n\u00e3o se cole aos dedos (aprox. 10 minutos). Realizar a uni\u00e3o exercendo a press\u00e3o necess\u00e1ria (com as m\u00e3os, martelo, rolo, etc.) para obter o contacto total das duas superf\u00edcies.<\/p>\n","protected":false},"featured_media":9866,"comment_status":"closed","ping_status":"closed","template":"","meta":{"_acf_changed":false},"product_brand":[],"product_cat":[135,180],"product_tag":[137],"class_list":{"0":"post-9870","1":"product","2":"type-product","3":"status-publish","4":"has-post-thumbnail","6":"product_cat-bricolaje-pt-pt","7":"product_cat-adhesivo-contacto-pt-pt","8":"product_tag-reparar-pegar-pt-pt","9":"description-off","11":"first","12":"instock","13":"purchasable","14":"product-type-simple"},"acf":[],"jetpack_sharing_enabled":true,"_links":{"self":[{"href":"https:\/\/gomagom.es\/pt-pt\/wp-json\/wp\/v2\/product\/9870","targetHints":{"allow":["GET"]}}],"collection":[{"href":"https:\/\/gomagom.es\/pt-pt\/wp-json\/wp\/v2\/product"}],"about":[{"href":"https:\/\/gomagom.es\/pt-pt\/wp-json\/wp\/v2\/types\/product"}],"replies":[{"embeddable":true,"href":"https:\/\/gomagom.es\/pt-pt\/wp-json\/wp\/v2\/comments?post=9870"}],"wp:featuredmedia":[{"embeddable":true,"href":"https:\/\/gomagom.es\/pt-pt\/wp-json\/wp\/v2\/media\/9866"}],"wp:attachment":[{"href":"https:\/\/gomagom.es\/pt-pt\/wp-json\/wp\/v2\/media?parent=9870"}],"wp:term":[{"taxonomy":"product_brand","embeddable":true,"href":"https:\/\/gomagom.es\/pt-pt\/wp-json\/wp\/v2\/product_brand?post=9870"},{"taxonomy":"product_cat","embeddable":true,"href":"https:\/\/gomagom.es\/pt-pt\/wp-json\/wp\/v2\/product_cat?post=9870"},{"taxonomy":"product_tag","embeddable":true,"href":"https:\/\/gomagom.es\/pt-pt\/wp-json\/wp\/v2\/product_tag?post=9870"}],"curies":[{"name":"wp","href":"https:\/\/api.w.org\/{rel}","templated":true}]}}