{"id":9892,"date":"2024-06-25T12:49:45","date_gmt":"2024-06-25T11:49:45","guid":{"rendered":"https:\/\/gomagom.es\/catalog\/sem%20categoria\/super-adhesivo-instantaneo-gel-3-x-3g-2\/"},"modified":"2024-06-25T13:10:40","modified_gmt":"2024-06-25T12:10:40","slug":"super-adhesivo-instantaneo-gel-3-x-3g-2","status":"publish","type":"product","link":"https:\/\/gomagom.es\/pt-pt\/catalog\/super-adhesivo-instantaneo-gel-3-x-3g-2\/","title":{"rendered":"SUPER PEGAMENTO INSTANT\u00c2NEO GEL 3 x 3g"},"content":{"rendered":"","protected":false},"excerpt":{"rendered":"<p><span style=\"color: #ff0000;\"><strong>N\u00ba 105<\/strong><\/span> | <strong>Ref: GG20391<\/strong> | <i class=\"fa-solid fa-box\"><\/i> 12u. <i class=\"fa-solid fa-box fa-2x\"><\/i> 144u.<br \/>\nSERVE PARA COLAR: Pl\u00e1sticos, cer\u00e2micas, cauchos, gomas, porcelana, madeiras duras, m\u00e1rmore, metais, n\u00e1car, marfim, vidrio, etc.<br \/>\nMODO DE USO: As superficies a unir deber\u00e3o estar limpas, secas e sem polvo nem estar grassentas. Aplicar um pouco de pegamento. S\u00f3 com uma g\u00f3ta \u00e9 bastante. Se p\u00f6r demasiado, a efectividade e rapidez nao \u00e9 t\u00e3o grande. Unir as pe\u00e7as entre si, evitando o contacto com os dedos. Pressionar durante uns 15-30 segundos, o tempo necess\u00e1rio para a uni\u00e3o, alcan\u00e7ando a m\u00e1xima resist\u00eancia em umas 12 horas. Extraer os residuos com acetona. Conservar em um lugar fresco e seco, pretigido da luz.<\/p>\n","protected":false},"featured_media":11814,"comment_status":"closed","ping_status":"closed","template":"","meta":{"_acf_changed":false},"product_brand":[],"product_cat":[135,136],"product_tag":[137],"class_list":{"0":"post-9892","1":"product","2":"type-product","3":"status-publish","4":"has-post-thumbnail","6":"product_cat-bricolaje-pt-pt","7":"product_cat-adhesivo-super-instantaneo-pt-pt","8":"product_tag-reparar-pegar-pt-pt","9":"description-off","11":"first","12":"instock","13":"purchasable","14":"product-type-simple"},"acf":[],"jetpack_sharing_enabled":true,"_links":{"self":[{"href":"https:\/\/gomagom.es\/pt-pt\/wp-json\/wp\/v2\/product\/9892","targetHints":{"allow":["GET"]}}],"collection":[{"href":"https:\/\/gomagom.es\/pt-pt\/wp-json\/wp\/v2\/product"}],"about":[{"href":"https:\/\/gomagom.es\/pt-pt\/wp-json\/wp\/v2\/types\/product"}],"replies":[{"embeddable":true,"href":"https:\/\/gomagom.es\/pt-pt\/wp-json\/wp\/v2\/comments?post=9892"}],"wp:featuredmedia":[{"embeddable":true,"href":"https:\/\/gomagom.es\/pt-pt\/wp-json\/wp\/v2\/media\/11814"}],"wp:attachment":[{"href":"https:\/\/gomagom.es\/pt-pt\/wp-json\/wp\/v2\/media?parent=9892"}],"wp:term":[{"taxonomy":"product_brand","embeddable":true,"href":"https:\/\/gomagom.es\/pt-pt\/wp-json\/wp\/v2\/product_brand?post=9892"},{"taxonomy":"product_cat","embeddable":true,"href":"https:\/\/gomagom.es\/pt-pt\/wp-json\/wp\/v2\/product_cat?post=9892"},{"taxonomy":"product_tag","embeddable":true,"href":"https:\/\/gomagom.es\/pt-pt\/wp-json\/wp\/v2\/product_tag?post=9892"}],"curies":[{"name":"wp","href":"https:\/\/api.w.org\/{rel}","templated":true}]}}