{"id":9908,"date":"2024-07-11T08:46:41","date_gmt":"2024-07-11T06:46:41","guid":{"rendered":"https:\/\/gomagom.es\/catalog\/sem%20categoria\/cola-blanca-profesional-250ml-polybag\/"},"modified":"2024-07-11T09:07:38","modified_gmt":"2024-07-11T08:07:38","slug":"cola-blanca-profesional-250ml-polybag","status":"publish","type":"product","link":"https:\/\/gomagom.es\/pt-pt\/catalog\/cola-blanca-profesional-250ml-polybag\/","title":{"rendered":"COLA BRANCA PROFESIONAL 250ml POLYBAG"},"content":{"rendered":"","protected":false},"excerpt":{"rendered":"<p><strong>Ref: GG21581<\/strong> | <i class=\"fa-solid fa-box\"><\/i> 6u. <i class=\"fa-solid fa-box fa-2x\"><\/i> 48u.<br \/>\nCola papel, cart\u00e3o, fotografias, etc. Apto para uso infantil e\/ou dom\u00e9stico. Sem diluentes.<\/p>\n<p>Embalagens com menos 70% de pl\u00e1stico. Reduz o volume de res\u00edduos em 90%. Super ergon\u00f4mico. Para utiliza\u00e7\u00e3o direta ou para reenchimento e reutiliza\u00e7\u00e3o de recipientes.<\/p>\n","protected":false},"featured_media":9904,"comment_status":"closed","ping_status":"closed","template":"","meta":{"_acf_changed":false},"product_brand":[],"product_cat":[135,222],"product_tag":[],"class_list":{"0":"post-9908","1":"product","2":"type-product","3":"status-publish","4":"has-post-thumbnail","6":"product_cat-bricolaje-pt-pt","7":"product_cat-cola-blanca-liquida-bricolaje-pt-pt","8":"description-off","10":"first","11":"instock","12":"purchasable","13":"product-type-simple"},"acf":[],"jetpack_sharing_enabled":true,"_links":{"self":[{"href":"https:\/\/gomagom.es\/pt-pt\/wp-json\/wp\/v2\/product\/9908","targetHints":{"allow":["GET"]}}],"collection":[{"href":"https:\/\/gomagom.es\/pt-pt\/wp-json\/wp\/v2\/product"}],"about":[{"href":"https:\/\/gomagom.es\/pt-pt\/wp-json\/wp\/v2\/types\/product"}],"replies":[{"embeddable":true,"href":"https:\/\/gomagom.es\/pt-pt\/wp-json\/wp\/v2\/comments?post=9908"}],"wp:featuredmedia":[{"embeddable":true,"href":"https:\/\/gomagom.es\/pt-pt\/wp-json\/wp\/v2\/media\/9904"}],"wp:attachment":[{"href":"https:\/\/gomagom.es\/pt-pt\/wp-json\/wp\/v2\/media?parent=9908"}],"wp:term":[{"taxonomy":"product_brand","embeddable":true,"href":"https:\/\/gomagom.es\/pt-pt\/wp-json\/wp\/v2\/product_brand?post=9908"},{"taxonomy":"product_cat","embeddable":true,"href":"https:\/\/gomagom.es\/pt-pt\/wp-json\/wp\/v2\/product_cat?post=9908"},{"taxonomy":"product_tag","embeddable":true,"href":"https:\/\/gomagom.es\/pt-pt\/wp-json\/wp\/v2\/product_tag?post=9908"}],"curies":[{"name":"wp","href":"https:\/\/api.w.org\/{rel}","templated":true}]}}