{"id":9927,"date":"2024-02-02T13:39:17","date_gmt":"2024-02-02T12:39:17","guid":{"rendered":"https:\/\/gomagom.es\/catalog\/sem%20categoria\/cinta-adhesiva-reparadora-negra\/"},"modified":"2024-07-18T12:21:16","modified_gmt":"2024-07-18T11:21:16","slug":"cinta-adhesiva-reparadora-negra","status":"publish","type":"product","link":"https:\/\/gomagom.es\/pt-pt\/catalog\/cinta-adhesiva-reparadora-negra\/","title":{"rendered":"CINTA ADHESIVA REPARADORA NEGRA"},"content":{"rendered":"","protected":false},"excerpt":{"rendered":"<p><span style=\"color: #ff0000;\"><strong>N\u00ba 40<\/strong><\/span> | <strong>Ref: GG19791<\/strong> | <i class=\"fa-solid fa-box\"><\/i> 6 u. 60 u.<\/p>\n<p>Fita muito larga que repara e sela instantaneamente qualquer buraco grande, fenda, fissura ou rasg\u00e3o. Isola da \u00e1gua e do ar. Pode ser aplicado h\u00famido e seco, mesmo debaixo de \u00e1gua. Adapta-se a qualquer forma ou objeto. F\u00e1cil aplica\u00e7\u00e3o, 100% herm\u00e9tico. Para repara\u00e7\u00e3o de piscinas, colch\u00f5es, flutuadores e barcos insufl\u00e1veis, cabos, tubagens, repara\u00e7\u00f5es exteriores em autom\u00f3veis, aqu\u00e1rios, telhados, garagens, aparelhos de ar condicionado, baldes, tendas, portas e janelas, toldos, campismo&#8230; Modo de utiliza\u00e7\u00e3o: Cortar as fitas no tamanho desejado. Retire o protetor e aplique pressionando firmemente para evitar bolsas de ar. Resistente ao frio e ao calor. Materiais compat\u00edveis: Vidro, Tecido, A\u00e7o, Pl\u00e1stico, Cimento, Cer\u00e2mica, Bet\u00e3o, Metal, Pedra, Madeira. N\u00e3o utilizar em contacto com \u00e1gua pot\u00e1vel.<\/p>\n","protected":false},"featured_media":9767,"comment_status":"closed","ping_status":"closed","template":"","meta":{"_acf_changed":false},"product_brand":[],"product_cat":[135,191,218,235],"product_tag":[137,333],"class_list":{"0":"post-9927","1":"product","2":"type-product","3":"status-publish","4":"has-post-thumbnail","6":"product_cat-bricolaje-pt-pt","7":"product_cat-adhesivo-especifico-pt-pt","8":"product_cat-cintas-adhesivas-bricolaje-pt-pt","9":"product_cat-otros-productos-pt-pt","10":"product_tag-reparar-pegar-pt-pt","11":"product_tag-sellar-pt-pt","12":"description-off","14":"first","15":"instock","16":"purchasable","17":"product-type-simple"},"acf":[],"jetpack_sharing_enabled":true,"_links":{"self":[{"href":"https:\/\/gomagom.es\/pt-pt\/wp-json\/wp\/v2\/product\/9927","targetHints":{"allow":["GET"]}}],"collection":[{"href":"https:\/\/gomagom.es\/pt-pt\/wp-json\/wp\/v2\/product"}],"about":[{"href":"https:\/\/gomagom.es\/pt-pt\/wp-json\/wp\/v2\/types\/product"}],"replies":[{"embeddable":true,"href":"https:\/\/gomagom.es\/pt-pt\/wp-json\/wp\/v2\/comments?post=9927"}],"wp:featuredmedia":[{"embeddable":true,"href":"https:\/\/gomagom.es\/pt-pt\/wp-json\/wp\/v2\/media\/9767"}],"wp:attachment":[{"href":"https:\/\/gomagom.es\/pt-pt\/wp-json\/wp\/v2\/media?parent=9927"}],"wp:term":[{"taxonomy":"product_brand","embeddable":true,"href":"https:\/\/gomagom.es\/pt-pt\/wp-json\/wp\/v2\/product_brand?post=9927"},{"taxonomy":"product_cat","embeddable":true,"href":"https:\/\/gomagom.es\/pt-pt\/wp-json\/wp\/v2\/product_cat?post=9927"},{"taxonomy":"product_tag","embeddable":true,"href":"https:\/\/gomagom.es\/pt-pt\/wp-json\/wp\/v2\/product_tag?post=9927"}],"curies":[{"name":"wp","href":"https:\/\/api.w.org\/{rel}","templated":true}]}}