{"id":9952,"date":"2024-09-10T10:18:42","date_gmt":"2024-09-10T08:18:42","guid":{"rendered":"https:\/\/gomagom.es\/catalog\/sem%20categoria\/pastillas-adhesivas-doble-cara-25u\/"},"modified":"2024-09-10T10:43:21","modified_gmt":"2024-09-10T09:43:21","slug":"pastillas-adhesivas-doble-cara-25u","status":"publish","type":"product","link":"https:\/\/gomagom.es\/pt-pt\/catalog\/pastillas-adhesivas-doble-cara-25u\/","title":{"rendered":"AUTOCOLANTES COM DUPLA FASE 25u"},"content":{"rendered":"","protected":false},"excerpt":{"rendered":"<p><strong>Ref: GG21381<\/strong>\u00a0|\u00a0 6u. \u00a0 72u.<br \/>\nServe para colar: Ganchos, placas, sinais, ornamentos, fixa o telefone, etc.\u00c9 muito pr\u00e1ctica em casa, no escrit\u00f3rio e na escola. Serve para fixar qualquer objecto de forma limpa, r\u00e1pida e f\u00e1cil.<\/p>\n<p>&nbsp;<\/p>\n","protected":false},"featured_media":9948,"comment_status":"closed","ping_status":"closed","template":"","meta":{"_acf_changed":false},"product_brand":[],"product_cat":[145,275],"product_tag":[],"class_list":{"0":"post-9952","1":"product","2":"type-product","3":"status-publish","4":"has-post-thumbnail","6":"product_cat-papeleria-pt-pt","7":"product_cat-cintas-adhesivas-pt-pt","8":"description-off","10":"first","11":"instock","12":"purchasable","13":"product-type-simple"},"acf":[],"jetpack_sharing_enabled":true,"_links":{"self":[{"href":"https:\/\/gomagom.es\/pt-pt\/wp-json\/wp\/v2\/product\/9952","targetHints":{"allow":["GET"]}}],"collection":[{"href":"https:\/\/gomagom.es\/pt-pt\/wp-json\/wp\/v2\/product"}],"about":[{"href":"https:\/\/gomagom.es\/pt-pt\/wp-json\/wp\/v2\/types\/product"}],"replies":[{"embeddable":true,"href":"https:\/\/gomagom.es\/pt-pt\/wp-json\/wp\/v2\/comments?post=9952"}],"wp:featuredmedia":[{"embeddable":true,"href":"https:\/\/gomagom.es\/pt-pt\/wp-json\/wp\/v2\/media\/9948"}],"wp:attachment":[{"href":"https:\/\/gomagom.es\/pt-pt\/wp-json\/wp\/v2\/media?parent=9952"}],"wp:term":[{"taxonomy":"product_brand","embeddable":true,"href":"https:\/\/gomagom.es\/pt-pt\/wp-json\/wp\/v2\/product_brand?post=9952"},{"taxonomy":"product_cat","embeddable":true,"href":"https:\/\/gomagom.es\/pt-pt\/wp-json\/wp\/v2\/product_cat?post=9952"},{"taxonomy":"product_tag","embeddable":true,"href":"https:\/\/gomagom.es\/pt-pt\/wp-json\/wp\/v2\/product_tag?post=9952"}],"curies":[{"name":"wp","href":"https:\/\/api.w.org\/{rel}","templated":true}]}}