{"id":9820,"date":"2024-06-18T09:59:36","date_gmt":"2024-06-18T08:59:36","guid":{"rendered":"https:\/\/gomagom.es\/?post_type=product&#038;p=9820"},"modified":"2025-04-01T15:19:30","modified_gmt":"2025-04-01T13:19:30","slug":"silicona-blanca-125ml","status":"publish","type":"product","link":"https:\/\/gomagom.es\/zh-hant\/catalog\/silicona-blanca-125ml\/","title":{"rendered":"SILICONA BLANCA 125ml"},"content":{"rendered":"","protected":false},"excerpt":{"rendered":"<p><span style=\"color: #ff0000;\"><strong>N\u00ba 103<\/strong><\/span>\u00a0|\u00a0<strong>Ref: GG13491<\/strong> |\u00a0<i class=\"fa-solid fa-box\"><\/i> 6u. \u00a0<i class=\"fa-solid fa-box fa-2x\"><\/i> 72u.<br \/>\nAPLICACIONES: Para el sellado de sanitarios, grifer\u00edas y mamparas de ba\u00f1o y ducha. En la cocina evita las filtraciones de agua en fregaderos y grifer\u00edas. Sella y adhiere cristales en vitrinas, acristalamientos con carpinter\u00eda de madera, aluminio y de PVC.<br \/>\nCon la SILICONA BLANCA GomaGom evitar\u00e1 que se produzca moho en los lugares donde haya sido aplicada. Permanece siempre el\u00e1stica y no se agrieta con el paso del tiempo. Su estudiada composici\u00f3n la hace especialmente resistente en lugares muy castigados por el exceso de agua o humedad.<br \/>\nMODO DE EMPLEO: Limpiar bien las superficies a unir, evitando polvo, agua y suciedad en general. Extender con la ayuda de una esp\u00e1tula o con la yema de los dedos impregnada en agua jabonosa. Transcurridas 24 horas la junta estar\u00e1 vulcanizada pudiendo entonces cortar con una cuchilla los sobrantes.<\/p>\n","protected":false},"featured_media":9821,"comment_status":"closed","ping_status":"closed","template":"","meta":{"_acf_changed":false},"product_brand":[],"product_cat":[16,53],"product_tag":[71],"class_list":{"0":"post-9820","1":"product","2":"type-product","3":"status-publish","4":"has-post-thumbnail","6":"product_cat-bricolaje","7":"product_cat-selladores-siliconas","8":"product_tag-sellar","9":"description-off","11":"first","12":"instock","13":"purchasable","14":"product-type-simple"},"acf":[],"jetpack_sharing_enabled":true,"_links":{"self":[{"href":"https:\/\/gomagom.es\/zh-hant\/wp-json\/wp\/v2\/product\/9820","targetHints":{"allow":["GET"]}}],"collection":[{"href":"https:\/\/gomagom.es\/zh-hant\/wp-json\/wp\/v2\/product"}],"about":[{"href":"https:\/\/gomagom.es\/zh-hant\/wp-json\/wp\/v2\/types\/product"}],"replies":[{"embeddable":true,"href":"https:\/\/gomagom.es\/zh-hant\/wp-json\/wp\/v2\/comments?post=9820"}],"wp:featuredmedia":[{"embeddable":true,"href":"https:\/\/gomagom.es\/zh-hant\/wp-json\/wp\/v2\/media\/9821"}],"wp:attachment":[{"href":"https:\/\/gomagom.es\/zh-hant\/wp-json\/wp\/v2\/media?parent=9820"}],"wp:term":[{"taxonomy":"product_brand","embeddable":true,"href":"https:\/\/gomagom.es\/zh-hant\/wp-json\/wp\/v2\/product_brand?post=9820"},{"taxonomy":"product_cat","embeddable":true,"href":"https:\/\/gomagom.es\/zh-hant\/wp-json\/wp\/v2\/product_cat?post=9820"},{"taxonomy":"product_tag","embeddable":true,"href":"https:\/\/gomagom.es\/zh-hant\/wp-json\/wp\/v2\/product_tag?post=9820"}],"curies":[{"name":"wp","href":"https:\/\/api.w.org\/{rel}","templated":true}]}}